{"id":634,"date":"2023-02-28T12:24:53","date_gmt":"2023-02-28T12:24:53","guid":{"rendered":"https:\/\/couroquimica.ml\/en\/?page_id=634"},"modified":"2023-02-28T12:32:22","modified_gmt":"2023-02-28T12:32:22","slug":"quem-somos","status":"publish","type":"page","link":"https:\/\/couroquimica.com.br\/en\/quem-somos\/","title":{"rendered":"Quem Somos"},"content":{"rendered":"\t\t<div data-elementor-type=\"wp-page\" data-elementor-id=\"634\" class=\"elementor elementor-634\">\n\t\t\t\t\t\t<section class=\"elementor-section elementor-top-section elementor-element elementor-element-f4c3b99 elementor-section-full_width elementor-section-stretched elementor-section-height-default elementor-section-height-default\" data-id=\"f4c3b99\" data-element_type=\"section\" data-settings=\"{&quot;stretch_section&quot;:&quot;section-stretched&quot;}\">\n\t\t\t\t\t\t<div class=\"elementor-container elementor-column-gap-no\">\n\t\t\t\t\t<div class=\"elementor-column elementor-col-100 elementor-top-column elementor-element elementor-element-a5be093\" data-id=\"a5be093\" data-element_type=\"column\">\n\t\t\t<div class=\"elementor-widget-wrap elementor-element-populated\">\n\t\t\t\t\t\t<div class=\"elementor-element elementor-element-99ebf90 elementor--h-position-center elementor--v-position-middle elementor-pagination-position-inside elementor-widget elementor-widget-slides\" data-id=\"99ebf90\" data-element_type=\"widget\" data-settings=\"{&quot;navigation&quot;:&quot;dots&quot;,&quot;autoplay&quot;:&quot;yes&quot;,&quot;pause_on_hover&quot;:&quot;yes&quot;,&quot;pause_on_interaction&quot;:&quot;yes&quot;,&quot;autoplay_speed&quot;:5000,&quot;infinite&quot;:&quot;yes&quot;,&quot;transition&quot;:&quot;slide&quot;,&quot;transition_speed&quot;:500}\" data-widget_type=\"slides.default\">\n\t\t\t\t<div class=\"elementor-widget-container\">\n\t\t\t\t\t\t\t<div class=\"elementor-swiper\">\n\t\t\t<div class=\"elementor-slides-wrapper elementor-main-swiper swiper-container\" dir=\"ltr\" data-animation=\"fadeInUp\">\n\t\t\t\t<div class=\"swiper-wrapper elementor-slides\">\n\t\t\t\t\t\t\t\t\t\t<div class=\"elementor-repeater-item-646c024 swiper-slide\"><div class=\"swiper-slide-bg elementor-ken-burns elementor-ken-burns--out\"><\/div><div class=\"elementor-background-overlay\"><\/div><div class=\"swiper-slide-inner\" ><div class=\"swiper-slide-contents\"><\/div><\/div><\/div>\t\t\t\t<\/div>\n\t\t\t\t\t\t\t<\/div>\n\t\t<\/div>\n\t\t\t\t\t\t<\/div>\n\t\t\t\t<\/div>\n\t\t\t\t\t<\/div>\n\t\t<\/div>\n\t\t\t\t\t<\/div>\n\t\t<\/section>\n\t\t\t\t<section class=\"elementor-section elementor-top-section elementor-element elementor-element-1c23ffa elementor-section-boxed elementor-section-height-default elementor-section-height-default\" data-id=\"1c23ffa\" data-element_type=\"section\">\n\t\t\t\t\t\t<div class=\"elementor-container elementor-column-gap-default\">\n\t\t\t\t\t<div class=\"elementor-column elementor-col-100 elementor-top-column elementor-element elementor-element-e70b49f\" data-id=\"e70b49f\" data-element_type=\"column\">\n\t\t\t<div class=\"elementor-widget-wrap elementor-element-populated\">\n\t\t\t\t\t\t<div class=\"elementor-element elementor-element-8b84a0e elementor-headline--style-highlight elementor-widget elementor-widget-animated-headline\" data-id=\"8b84a0e\" data-element_type=\"widget\" data-settings=\"{&quot;marker&quot;:&quot;underline&quot;,&quot;highlighted_text&quot;:&quot;Couroqu\\u00edmica&quot;,&quot;headline_style&quot;:&quot;highlight&quot;,&quot;loop&quot;:&quot;yes&quot;,&quot;highlight_animation_duration&quot;:1200,&quot;highlight_iteration_delay&quot;:8000}\" data-widget_type=\"animated-headline.default\">\n\t\t\t\t<div class=\"elementor-widget-container\">\n\t\t\t\t\t\t\t<h3 class=\"elementor-headline\">\n\t\t\t\t\t<span class=\"elementor-headline-plain-text elementor-headline-text-wrapper\">Pillars of <\/span>\n\t\t\t\t<span class=\"elementor-headline-dynamic-wrapper elementor-headline-text-wrapper\">\n\t\t\t\t\t<span class=\"elementor-headline-dynamic-text elementor-headline-text-active\">Couroqu\u00edmica<\/span>\n\t\t\t\t<\/span>\n\t\t\t\t<\/h3>\n\t\t\t\t\t\t<\/div>\n\t\t\t\t<\/div>\n\t\t\t\t<div class=\"elementor-element elementor-element-aea1bb8 elementor-widget elementor-widget-text-editor\" data-id=\"aea1bb8\" data-element_type=\"widget\" data-widget_type=\"text-editor.default\">\n\t\t\t\t<div class=\"elementor-widget-container\">\n\t\t\t\t\t\t\t\t\t<p><strong>The Couroqu\u00edmica group<\/strong> began in 1983, when founder <strong>M\u00e1rio Spaniol<\/strong> began his entrepreneurial career in the city of Franca, in the interior of S\u00e3o Paulo. It was in that year that the company Couroqu\u00edmica was born, a pioneering enterprise in its field of activity, which grew over the years focusing the development of its products on the needs of its customers and the leather market.\u00a0<\/p>\t\t\t\t\t\t\t\t<\/div>\n\t\t\t\t<\/div>\n\t\t\t\t\t<\/div>\n\t\t<\/div>\n\t\t\t\t\t<\/div>\n\t\t<\/section>\n\t\t\t\t<section class=\"elementor-section elementor-top-section elementor-element elementor-element-ca5cd64 elementor-section-boxed elementor-section-height-default elementor-section-height-default\" data-id=\"ca5cd64\" data-element_type=\"section\" data-settings=\"{&quot;background_background&quot;:&quot;classic&quot;}\">\n\t\t\t\t\t\t<div class=\"elementor-container elementor-column-gap-default\">\n\t\t\t\t\t<div class=\"elementor-column elementor-col-100 elementor-top-column elementor-element elementor-element-3efa912\" data-id=\"3efa912\" data-element_type=\"column\">\n\t\t\t<div class=\"elementor-widget-wrap elementor-element-populated\">\n\t\t\t\t\t\t<div class=\"elementor-element elementor-element-a081eea elementor-widget elementor-widget-video\" data-id=\"a081eea\" data-element_type=\"widget\" data-settings=\"{&quot;youtube_url&quot;:&quot;https:\\\/\\\/www.youtube.com\\\/watch?v=houVNyaMG8I&amp;ab_channel=CarmenSteffens&quot;,&quot;video_type&quot;:&quot;youtube&quot;,&quot;controls&quot;:&quot;yes&quot;}\" data-widget_type=\"video.default\">\n\t\t\t\t<div class=\"elementor-widget-container\">\n\t\t\t\t\t\t\t<div class=\"elementor-wrapper elementor-open-inline\">\n\t\t\t<div class=\"elementor-video\"><\/div>\t\t<\/div>\n\t\t\t\t\t\t<\/div>\n\t\t\t\t<\/div>\n\t\t\t\t\t<\/div>\n\t\t<\/div>\n\t\t\t\t\t<\/div>\n\t\t<\/section>\n\t\t\t\t<section class=\"elementor-section elementor-top-section elementor-element elementor-element-e46bb5e elementor-section-boxed elementor-section-height-default elementor-section-height-default\" data-id=\"e46bb5e\" data-element_type=\"section\">\n\t\t\t\t\t\t<div class=\"elementor-container elementor-column-gap-default\">\n\t\t\t\t\t<div class=\"elementor-column elementor-col-100 elementor-top-column elementor-element elementor-element-9e700f9\" data-id=\"9e700f9\" data-element_type=\"column\">\n\t\t\t<div class=\"elementor-widget-wrap elementor-element-populated\">\n\t\t\t\t\t\t<div class=\"elementor-element elementor-element-7736d01 elementor-headline--style-highlight elementor-widget elementor-widget-animated-headline\" data-id=\"7736d01\" data-element_type=\"widget\" data-settings=\"{&quot;marker&quot;:&quot;underline&quot;,&quot;highlighted_text&quot;:&quot;Are&quot;,&quot;headline_style&quot;:&quot;highlight&quot;,&quot;loop&quot;:&quot;yes&quot;,&quot;highlight_animation_duration&quot;:1200,&quot;highlight_iteration_delay&quot;:8000}\" data-widget_type=\"animated-headline.default\">\n\t\t\t\t<div class=\"elementor-widget-container\">\n\t\t\t\t\t\t\t<h3 class=\"elementor-headline\">\n\t\t\t\t\t<span class=\"elementor-headline-plain-text elementor-headline-text-wrapper\">Who we <\/span>\n\t\t\t\t<span class=\"elementor-headline-dynamic-wrapper elementor-headline-text-wrapper\">\n\t\t\t\t\t<span class=\"elementor-headline-dynamic-text elementor-headline-text-active\">Are<\/span>\n\t\t\t\t<\/span>\n\t\t\t\t<\/h3>\n\t\t\t\t\t\t<\/div>\n\t\t\t\t<\/div>\n\t\t\t\t<div class=\"elementor-element elementor-element-de3e526 elementor-widget elementor-widget-text-editor\" data-id=\"de3e526\" data-element_type=\"widget\" data-widget_type=\"text-editor.default\">\n\t\t\t\t<div class=\"elementor-widget-container\">\n\t\t\t\t\t\t\t\t\t<p>The Couroqu\u00edmica \/ Carmen Steffens group began in 1983, when founder M\u00e1rio Spaniol began his entrepreneurial career in the city of Franca, in the interior of S\u00e3o Paulo. It was in that year that the company Couroqu\u00edmica was born, a pioneering enterprise in its field of activity, which grew over the years focusing the development of its products on the needs of its customers and the leather market.<\/p><p>Fashion trend benchmark, developing increasingly personalized and innovative leather for a market in need of new products.<\/p><p>Couroqu\u00edmica is recognized nationally and internationally for its quality standards, all raw materials that enter the tannery are tested: chemical products, wet blue leather, treatment of affluents and also the finished products, in a physical chemical laboratory that is a reference in the sector, with qualified professionals who value the physical space.<\/p><p>Couroqu\u00edmica&#8217;s goal has always been to serve as a reference for fashion trends, developing increasingly personalized and innovative leather for a market in need of new products.<\/p><p>Carmen Steffens is part of the Group, a factory of fine women&#8217;s shoes and artifacts that focuses on the modern woman who wants to live in style.<\/p>\t\t\t\t\t\t\t\t<\/div>\n\t\t\t\t<\/div>\n\t\t\t\t\t<\/div>\n\t\t<\/div>\n\t\t\t\t\t<\/div>\n\t\t<\/section>\n\t\t\t\t<\/div>\n\t\t","protected":false},"excerpt":{"rendered":"<p>Pillars of Couroqu\u00edmica The Couroqu\u00edmica group began in 1983, when founder M\u00e1rio Spaniol began his entrepreneurial career in the city of Franca, in the interior of S\u00e3o Paulo. It was in that year that the company Couroqu\u00edmica was born, a pioneering enterprise in its field of activity, which grew over the years focusing the development [&hellip;]<\/p>\n","protected":false},"author":1,"featured_media":0,"parent":0,"menu_order":0,"comment_status":"closed","ping_status":"closed","template":"","meta":{"inline_featured_image":false,"footnotes":""},"class_list":["post-634","page","type-page","status-publish","hentry"],"yoast_head":"<!-- This site is optimized with the Yoast SEO plugin v26.1.1 - https:\/\/yoast.com\/wordpress\/plugins\/seo\/ -->\n<title>Quem Somos - Couroquimica<\/title>\n<meta name=\"robots\" content=\"index, follow, max-snippet:-1, max-image-preview:large, max-video-preview:-1\" \/>\n<link rel=\"canonical\" href=\"https:\/\/couroquimica.com.br\/quem-somos\/\" \/>\n<meta property=\"og:locale\" content=\"en_US\" \/>\n<meta property=\"og:type\" content=\"article\" \/>\n<meta property=\"og:title\" content=\"Quem Somos - Couroquimica\" \/>\n<meta property=\"og:description\" content=\"Pillars of Couroqu\u00edmica The Couroqu\u00edmica group began in 1983, when founder M\u00e1rio Spaniol began his entrepreneurial career in the city of Franca, in the interior of S\u00e3o Paulo. It was in that year that the company Couroqu\u00edmica was born, a pioneering enterprise in its field of activity, which grew over the years focusing the development [&hellip;]\" \/>\n<meta property=\"og:url\" content=\"https:\/\/couroquimica.com.br\/quem-somos\/\" \/>\n<meta property=\"og:site_name\" content=\"Couroquimica\" \/>\n<meta property=\"article:modified_time\" content=\"2023-02-28T12:32:22+00:00\" \/>\n<meta name=\"twitter:card\" content=\"summary_large_image\" \/>\n<meta name=\"twitter:label1\" content=\"Est. reading time\" \/>\n\t<meta name=\"twitter:data1\" content=\"2 minutes\" \/>\n<script type=\"application\/ld+json\" class=\"yoast-schema-graph\">{\"@context\":\"https:\/\/schema.org\",\"@graph\":[{\"@type\":\"WebPage\",\"@id\":\"https:\/\/couroquimica.com.br\/quem-somos\/\",\"url\":\"https:\/\/couroquimica.com.br\/quem-somos\/\",\"name\":\"Quem Somos - Couroquimica\",\"isPartOf\":{\"@id\":\"https:\/\/couroquimica.com.br\/#website\"},\"datePublished\":\"2023-02-28T12:24:53+00:00\",\"dateModified\":\"2023-02-28T12:32:22+00:00\",\"breadcrumb\":{\"@id\":\"https:\/\/couroquimica.com.br\/quem-somos\/#breadcrumb\"},\"inLanguage\":\"en-US\",\"potentialAction\":[{\"@type\":\"ReadAction\",\"target\":[\"https:\/\/couroquimica.com.br\/quem-somos\/\"]}]},{\"@type\":\"BreadcrumbList\",\"@id\":\"https:\/\/couroquimica.com.br\/quem-somos\/#breadcrumb\",\"itemListElement\":[{\"@type\":\"ListItem\",\"position\":1,\"name\":\"Home\",\"item\":\"https:\/\/couroquimica.com.br\/\"},{\"@type\":\"ListItem\",\"position\":2,\"name\":\"Quem Somos\"}]},{\"@type\":\"WebSite\",\"@id\":\"https:\/\/couroquimica.com.br\/#website\",\"url\":\"https:\/\/couroquimica.com.br\/\",\"name\":\"Couroquimica\",\"description\":\"Tecnologia em Couros\",\"publisher\":{\"@id\":\"https:\/\/couroquimica.com.br\/#organization\"},\"potentialAction\":[{\"@type\":\"SearchAction\",\"target\":{\"@type\":\"EntryPoint\",\"urlTemplate\":\"https:\/\/couroquimica.com.br\/?s={search_term_string}\"},\"query-input\":{\"@type\":\"PropertyValueSpecification\",\"valueRequired\":true,\"valueName\":\"search_term_string\"}}],\"inLanguage\":\"en-US\"},{\"@type\":\"Organization\",\"@id\":\"https:\/\/couroquimica.com.br\/#organization\",\"name\":\"Couroquimica\",\"url\":\"https:\/\/couroquimica.com.br\/\",\"logo\":{\"@type\":\"ImageObject\",\"inLanguage\":\"en-US\",\"@id\":\"https:\/\/couroquimica.com.br\/#\/schema\/logo\/image\/\",\"url\":\"\",\"contentUrl\":\"\",\"caption\":\"Couroquimica\"},\"image\":{\"@id\":\"https:\/\/couroquimica.com.br\/#\/schema\/logo\/image\/\"}}]}<\/script>\n<!-- \/ Yoast SEO plugin. -->","yoast_head_json":{"title":"Quem Somos - Couroquimica","robots":{"index":"index","follow":"follow","max-snippet":"max-snippet:-1","max-image-preview":"max-image-preview:large","max-video-preview":"max-video-preview:-1"},"canonical":"https:\/\/couroquimica.com.br\/quem-somos\/","og_locale":"en_US","og_type":"article","og_title":"Quem Somos - Couroquimica","og_description":"Pillars of Couroqu\u00edmica The Couroqu\u00edmica group began in 1983, when founder M\u00e1rio Spaniol began his entrepreneurial career in the city of Franca, in the interior of S\u00e3o Paulo. It was in that year that the company Couroqu\u00edmica was born, a pioneering enterprise in its field of activity, which grew over the years focusing the development [&hellip;]","og_url":"https:\/\/couroquimica.com.br\/quem-somos\/","og_site_name":"Couroquimica","article_modified_time":"2023-02-28T12:32:22+00:00","twitter_card":"summary_large_image","twitter_misc":{"Est. reading time":"2 minutes"},"schema":{"@context":"https:\/\/schema.org","@graph":[{"@type":"WebPage","@id":"https:\/\/couroquimica.com.br\/quem-somos\/","url":"https:\/\/couroquimica.com.br\/quem-somos\/","name":"Quem Somos - Couroquimica","isPartOf":{"@id":"https:\/\/couroquimica.com.br\/#website"},"datePublished":"2023-02-28T12:24:53+00:00","dateModified":"2023-02-28T12:32:22+00:00","breadcrumb":{"@id":"https:\/\/couroquimica.com.br\/quem-somos\/#breadcrumb"},"inLanguage":"en-US","potentialAction":[{"@type":"ReadAction","target":["https:\/\/couroquimica.com.br\/quem-somos\/"]}]},{"@type":"BreadcrumbList","@id":"https:\/\/couroquimica.com.br\/quem-somos\/#breadcrumb","itemListElement":[{"@type":"ListItem","position":1,"name":"Home","item":"https:\/\/couroquimica.com.br\/"},{"@type":"ListItem","position":2,"name":"Quem Somos"}]},{"@type":"WebSite","@id":"https:\/\/couroquimica.com.br\/#website","url":"https:\/\/couroquimica.com.br\/","name":"Couroquimica","description":"Tecnologia em Couros","publisher":{"@id":"https:\/\/couroquimica.com.br\/#organization"},"potentialAction":[{"@type":"SearchAction","target":{"@type":"EntryPoint","urlTemplate":"https:\/\/couroquimica.com.br\/?s={search_term_string}"},"query-input":{"@type":"PropertyValueSpecification","valueRequired":true,"valueName":"search_term_string"}}],"inLanguage":"en-US"},{"@type":"Organization","@id":"https:\/\/couroquimica.com.br\/#organization","name":"Couroquimica","url":"https:\/\/couroquimica.com.br\/","logo":{"@type":"ImageObject","inLanguage":"en-US","@id":"https:\/\/couroquimica.com.br\/#\/schema\/logo\/image\/","url":"","contentUrl":"","caption":"Couroquimica"},"image":{"@id":"https:\/\/couroquimica.com.br\/#\/schema\/logo\/image\/"}}]}},"_links":{"self":[{"href":"https:\/\/couroquimica.com.br\/en\/wp-json\/wp\/v2\/pages\/634","targetHints":{"allow":["GET"]}}],"collection":[{"href":"https:\/\/couroquimica.com.br\/en\/wp-json\/wp\/v2\/pages"}],"about":[{"href":"https:\/\/couroquimica.com.br\/en\/wp-json\/wp\/v2\/types\/page"}],"author":[{"embeddable":true,"href":"https:\/\/couroquimica.com.br\/en\/wp-json\/wp\/v2\/users\/1"}],"replies":[{"embeddable":true,"href":"https:\/\/couroquimica.com.br\/en\/wp-json\/wp\/v2\/comments?post=634"}],"version-history":[{"count":4,"href":"https:\/\/couroquimica.com.br\/en\/wp-json\/wp\/v2\/pages\/634\/revisions"}],"predecessor-version":[{"id":640,"href":"https:\/\/couroquimica.com.br\/en\/wp-json\/wp\/v2\/pages\/634\/revisions\/640"}],"wp:attachment":[{"href":"https:\/\/couroquimica.com.br\/en\/wp-json\/wp\/v2\/media?parent=634"}],"curies":[{"name":"wp","href":"https:\/\/api.w.org\/{rel}","templated":true}]}}