{"id":694,"date":"2023-02-28T14:43:37","date_gmt":"2023-02-28T14:43:37","guid":{"rendered":"https:\/\/couroquimica.ml\/es\/?page_id=694"},"modified":"2023-02-28T14:45:59","modified_gmt":"2023-02-28T14:45:59","slug":"quem-somos","status":"publish","type":"page","link":"https:\/\/couroquimica.com.br\/es\/quem-somos\/","title":{"rendered":"Quem Somos"},"content":{"rendered":"\t\t<div data-elementor-type=\"wp-page\" data-elementor-id=\"694\" class=\"elementor elementor-694\">\n\t\t\t\t\t\t<section class=\"elementor-section elementor-top-section elementor-element elementor-element-ea53db2 elementor-section-full_width elementor-section-stretched elementor-section-height-default elementor-section-height-default\" data-id=\"ea53db2\" data-element_type=\"section\" data-settings=\"{&quot;stretch_section&quot;:&quot;section-stretched&quot;}\">\n\t\t\t\t\t\t<div class=\"elementor-container elementor-column-gap-no\">\n\t\t\t\t\t<div class=\"elementor-column elementor-col-100 elementor-top-column elementor-element elementor-element-2287410\" data-id=\"2287410\" data-element_type=\"column\">\n\t\t\t<div class=\"elementor-widget-wrap elementor-element-populated\">\n\t\t\t\t\t\t<div class=\"elementor-element elementor-element-68689c9 elementor--h-position-center elementor--v-position-middle elementor-pagination-position-inside elementor-widget elementor-widget-slides\" data-id=\"68689c9\" data-element_type=\"widget\" data-settings=\"{&quot;navigation&quot;:&quot;dots&quot;,&quot;autoplay&quot;:&quot;yes&quot;,&quot;pause_on_hover&quot;:&quot;yes&quot;,&quot;pause_on_interaction&quot;:&quot;yes&quot;,&quot;autoplay_speed&quot;:5000,&quot;infinite&quot;:&quot;yes&quot;,&quot;transition&quot;:&quot;slide&quot;,&quot;transition_speed&quot;:500}\" data-widget_type=\"slides.default\">\n\t\t\t\t<div class=\"elementor-widget-container\">\n\t\t\t\t\t\t\t<div class=\"elementor-swiper\">\n\t\t\t<div class=\"elementor-slides-wrapper elementor-main-swiper swiper-container\" dir=\"ltr\" data-animation=\"fadeInUp\">\n\t\t\t\t<div class=\"swiper-wrapper elementor-slides\">\n\t\t\t\t\t\t\t\t\t\t<div class=\"elementor-repeater-item-646c024 swiper-slide\"><div class=\"swiper-slide-bg elementor-ken-burns elementor-ken-burns--out\"><\/div><div class=\"elementor-background-overlay\"><\/div><div class=\"swiper-slide-inner\" ><div class=\"swiper-slide-contents\"><\/div><\/div><\/div>\t\t\t\t<\/div>\n\t\t\t\t\t\t\t<\/div>\n\t\t<\/div>\n\t\t\t\t\t\t<\/div>\n\t\t\t\t<\/div>\n\t\t\t\t\t<\/div>\n\t\t<\/div>\n\t\t\t\t\t<\/div>\n\t\t<\/section>\n\t\t\t\t<section class=\"elementor-section elementor-top-section elementor-element elementor-element-5fd96b8 elementor-section-boxed elementor-section-height-default elementor-section-height-default\" data-id=\"5fd96b8\" data-element_type=\"section\">\n\t\t\t\t\t\t<div class=\"elementor-container elementor-column-gap-default\">\n\t\t\t\t\t<div class=\"elementor-column elementor-col-100 elementor-top-column elementor-element elementor-element-a6f6c07\" data-id=\"a6f6c07\" data-element_type=\"column\">\n\t\t\t<div class=\"elementor-widget-wrap elementor-element-populated\">\n\t\t\t\t\t\t<div class=\"elementor-element elementor-element-fcccbc0 elementor-headline--style-highlight elementor-widget elementor-widget-animated-headline\" data-id=\"fcccbc0\" data-element_type=\"widget\" data-settings=\"{&quot;marker&quot;:&quot;underline&quot;,&quot;highlighted_text&quot;:&quot;Couroqu\\u00edmica&quot;,&quot;headline_style&quot;:&quot;highlight&quot;,&quot;loop&quot;:&quot;yes&quot;,&quot;highlight_animation_duration&quot;:1200,&quot;highlight_iteration_delay&quot;:8000}\" data-widget_type=\"animated-headline.default\">\n\t\t\t\t<div class=\"elementor-widget-container\">\n\t\t\t\t\t\t\t<h3 class=\"elementor-headline\">\n\t\t\t\t\t<span class=\"elementor-headline-plain-text elementor-headline-text-wrapper\">Pilares de<\/span>\n\t\t\t\t<span class=\"elementor-headline-dynamic-wrapper elementor-headline-text-wrapper\">\n\t\t\t\t\t<span class=\"elementor-headline-dynamic-text elementor-headline-text-active\">Couroqu\u00edmica<\/span>\n\t\t\t\t<\/span>\n\t\t\t\t<\/h3>\n\t\t\t\t\t\t<\/div>\n\t\t\t\t<\/div>\n\t\t\t\t<div class=\"elementor-element elementor-element-f28f2f5 elementor-widget elementor-widget-text-editor\" data-id=\"f28f2f5\" data-element_type=\"widget\" data-widget_type=\"text-editor.default\">\n\t\t\t\t<div class=\"elementor-widget-container\">\n\t\t\t\t\t\t\t\t\t<p><strong>El grupo Couroqu\u00edmica<\/strong> naci\u00f3 en 1983, cuando el fundador <strong>M\u00e1rio Spaniol<\/strong> inici\u00f3 su carrera empresarial en la ciudad de Franca, en el interior de S\u00e3o Paulo. Fue en ese a\u00f1o que naci\u00f3 la empresa Couroqu\u00edmica, una empresa pionera en su campo de actividad, que creci\u00f3 a lo largo de los a\u00f1os enfocando el desarrollo de sus productos a las necesidades de sus clientes y del mercado del cuero.<\/p>\t\t\t\t\t\t\t\t<\/div>\n\t\t\t\t<\/div>\n\t\t\t\t\t<\/div>\n\t\t<\/div>\n\t\t\t\t\t<\/div>\n\t\t<\/section>\n\t\t\t\t<section class=\"elementor-section elementor-top-section elementor-element elementor-element-a02fbea elementor-section-boxed elementor-section-height-default elementor-section-height-default\" data-id=\"a02fbea\" data-element_type=\"section\" data-settings=\"{&quot;background_background&quot;:&quot;classic&quot;}\">\n\t\t\t\t\t\t<div class=\"elementor-container elementor-column-gap-default\">\n\t\t\t\t\t<div class=\"elementor-column elementor-col-100 elementor-top-column elementor-element elementor-element-bd7b2ab\" data-id=\"bd7b2ab\" data-element_type=\"column\">\n\t\t\t<div class=\"elementor-widget-wrap elementor-element-populated\">\n\t\t\t\t\t\t<div class=\"elementor-element elementor-element-184bde0 elementor-widget elementor-widget-video\" data-id=\"184bde0\" data-element_type=\"widget\" data-settings=\"{&quot;youtube_url&quot;:&quot;https:\\\/\\\/youtu.be\\\/4YkEapHqfoQ&quot;,&quot;video_type&quot;:&quot;youtube&quot;,&quot;controls&quot;:&quot;yes&quot;}\" data-widget_type=\"video.default\">\n\t\t\t\t<div class=\"elementor-widget-container\">\n\t\t\t\t\t\t\t<div class=\"elementor-wrapper elementor-open-inline\">\n\t\t\t<div class=\"elementor-video\"><\/div>\t\t<\/div>\n\t\t\t\t\t\t<\/div>\n\t\t\t\t<\/div>\n\t\t\t\t\t<\/div>\n\t\t<\/div>\n\t\t\t\t\t<\/div>\n\t\t<\/section>\n\t\t\t\t<section class=\"elementor-section elementor-top-section elementor-element elementor-element-c8740ab elementor-section-boxed elementor-section-height-default elementor-section-height-default\" data-id=\"c8740ab\" data-element_type=\"section\">\n\t\t\t\t\t\t<div class=\"elementor-container elementor-column-gap-default\">\n\t\t\t\t\t<div class=\"elementor-column elementor-col-100 elementor-top-column elementor-element elementor-element-de31773\" data-id=\"de31773\" data-element_type=\"column\">\n\t\t\t<div class=\"elementor-widget-wrap elementor-element-populated\">\n\t\t\t\t\t\t<div class=\"elementor-element elementor-element-8a31bf3 elementor-headline--style-highlight elementor-widget elementor-widget-animated-headline\" data-id=\"8a31bf3\" data-element_type=\"widget\" data-settings=\"{&quot;marker&quot;:&quot;underline&quot;,&quot;highlighted_text&quot;:&quot;Somos&quot;,&quot;headline_style&quot;:&quot;highlight&quot;,&quot;loop&quot;:&quot;yes&quot;,&quot;highlight_animation_duration&quot;:1200,&quot;highlight_iteration_delay&quot;:8000}\" data-widget_type=\"animated-headline.default\">\n\t\t\t\t<div class=\"elementor-widget-container\">\n\t\t\t\t\t\t\t<h3 class=\"elementor-headline\">\n\t\t\t\t\t<span class=\"elementor-headline-plain-text elementor-headline-text-wrapper\">Quienes <\/span>\n\t\t\t\t<span class=\"elementor-headline-dynamic-wrapper elementor-headline-text-wrapper\">\n\t\t\t\t\t<span class=\"elementor-headline-dynamic-text elementor-headline-text-active\">Somos<\/span>\n\t\t\t\t<\/span>\n\t\t\t\t<\/h3>\n\t\t\t\t\t\t<\/div>\n\t\t\t\t<\/div>\n\t\t\t\t<div class=\"elementor-element elementor-element-58d0e01 elementor-widget elementor-widget-text-editor\" data-id=\"58d0e01\" data-element_type=\"widget\" data-widget_type=\"text-editor.default\">\n\t\t\t\t<div class=\"elementor-widget-container\">\n\t\t\t\t\t\t\t\t\t<p>El grupo Couroqu\u00edmica \/ Carmen Steffens naci\u00f3 en 1983, cuando el fundador M\u00e1rio Spaniol inici\u00f3 su carrera empresarial en la ciudad de Franca, en el interior de S\u00e3o Paulo. Fue en ese a\u00f1o que naci\u00f3 la empresa Couroqu\u00edmica, una empresa pionera en su campo de actividad, que creci\u00f3 a lo largo de los a\u00f1os enfocando el desarrollo de sus productos a las necesidades de sus clientes y del mercado del cuero.<\/p><p>Referente de tendencias en moda, desarrollando pieles cada vez m\u00e1s personalizadas e innovadoras para un mercado necesitado de nuevos productos.<\/p><p>Couroqu\u00edmica es reconocida a nivel nacional e internacional por sus est\u00e1ndares de calidad, todas las materias primas que ingresan a la curtidur\u00eda son testeadas: productos qu\u00edmicos, wet blue leather, tratamiento de efluentes y tambi\u00e9n los productos terminados, en un laboratorio f\u00edsico qu\u00edmico que es referencia en el sector, con profesionales cualificados que valoran el espacio f\u00edsico.<\/p><p>El objetivo de Couroqu\u00edmica siempre ha sido servir como referencia para las tendencias de la moda, desarrollando cueros cada vez m\u00e1s personalizados e innovadores para un mercado necesitado de nuevos productos.<\/p><p>Carmen Steffens es parte del Grupo, una f\u00e1brica de finos zapatos y artefactos para mujer que se enfoca en la mujer moderna que quiere vivir con estilo.<\/p>\t\t\t\t\t\t\t\t<\/div>\n\t\t\t\t<\/div>\n\t\t\t\t\t<\/div>\n\t\t<\/div>\n\t\t\t\t\t<\/div>\n\t\t<\/section>\n\t\t\t\t<\/div>\n\t\t","protected":false},"excerpt":{"rendered":"<p>Pilares de Couroqu\u00edmica El grupo Couroqu\u00edmica naci\u00f3 en 1983, cuando el fundador M\u00e1rio Spaniol inici\u00f3 su carrera empresarial en la ciudad de Franca, en el interior de S\u00e3o Paulo. Fue en ese a\u00f1o que naci\u00f3 la empresa Couroqu\u00edmica, una empresa pionera en su campo de actividad, que creci\u00f3 a lo largo de los a\u00f1os enfocando [&hellip;]<\/p>\n","protected":false},"author":1,"featured_media":0,"parent":0,"menu_order":0,"comment_status":"closed","ping_status":"closed","template":"","meta":{"inline_featured_image":false,"footnotes":""},"class_list":["post-694","page","type-page","status-publish","hentry"],"yoast_head":"<!-- This site is optimized with the Yoast SEO plugin v26.1.1 - https:\/\/yoast.com\/wordpress\/plugins\/seo\/ -->\n<title>Quem Somos - Couroquimica<\/title>\n<meta name=\"robots\" content=\"index, follow, max-snippet:-1, max-image-preview:large, max-video-preview:-1\" \/>\n<link rel=\"canonical\" href=\"https:\/\/couroquimica.com.br\/quem-somos\/\" \/>\n<meta property=\"og:locale\" content=\"es_ES\" \/>\n<meta property=\"og:type\" content=\"article\" \/>\n<meta property=\"og:title\" content=\"Quem Somos - Couroquimica\" \/>\n<meta property=\"og:description\" content=\"Pilares de Couroqu\u00edmica El grupo Couroqu\u00edmica naci\u00f3 en 1983, cuando el fundador M\u00e1rio Spaniol inici\u00f3 su carrera empresarial en la ciudad de Franca, en el interior de S\u00e3o Paulo. Fue en ese a\u00f1o que naci\u00f3 la empresa Couroqu\u00edmica, una empresa pionera en su campo de actividad, que creci\u00f3 a lo largo de los a\u00f1os enfocando [&hellip;]\" \/>\n<meta property=\"og:url\" content=\"https:\/\/couroquimica.com.br\/quem-somos\/\" \/>\n<meta property=\"og:site_name\" content=\"Couroquimica\" \/>\n<meta property=\"article:modified_time\" content=\"2023-02-28T14:45:59+00:00\" \/>\n<meta name=\"twitter:card\" content=\"summary_large_image\" \/>\n<meta name=\"twitter:label1\" content=\"Est. reading time\" \/>\n\t<meta name=\"twitter:data1\" content=\"2 minutes\" \/>\n<script type=\"application\/ld+json\" class=\"yoast-schema-graph\">{\"@context\":\"https:\/\/schema.org\",\"@graph\":[{\"@type\":\"WebPage\",\"@id\":\"https:\/\/couroquimica.com.br\/quem-somos\/\",\"url\":\"https:\/\/couroquimica.com.br\/quem-somos\/\",\"name\":\"Quem Somos - Couroquimica\",\"isPartOf\":{\"@id\":\"https:\/\/couroquimica.com.br\/#website\"},\"datePublished\":\"2023-02-28T14:43:37+00:00\",\"dateModified\":\"2023-02-28T14:45:59+00:00\",\"breadcrumb\":{\"@id\":\"https:\/\/couroquimica.com.br\/quem-somos\/#breadcrumb\"},\"inLanguage\":\"es-ES\",\"potentialAction\":[{\"@type\":\"ReadAction\",\"target\":[\"https:\/\/couroquimica.com.br\/quem-somos\/\"]}]},{\"@type\":\"BreadcrumbList\",\"@id\":\"https:\/\/couroquimica.com.br\/quem-somos\/#breadcrumb\",\"itemListElement\":[{\"@type\":\"ListItem\",\"position\":1,\"name\":\"Home\",\"item\":\"https:\/\/couroquimica.com.br\/\"},{\"@type\":\"ListItem\",\"position\":2,\"name\":\"Quem Somos\"}]},{\"@type\":\"WebSite\",\"@id\":\"https:\/\/couroquimica.com.br\/#website\",\"url\":\"https:\/\/couroquimica.com.br\/\",\"name\":\"Couroquimica\",\"description\":\"Tecnologia em Couros\",\"publisher\":{\"@id\":\"https:\/\/couroquimica.com.br\/#organization\"},\"potentialAction\":[{\"@type\":\"SearchAction\",\"target\":{\"@type\":\"EntryPoint\",\"urlTemplate\":\"https:\/\/couroquimica.com.br\/?s={search_term_string}\"},\"query-input\":{\"@type\":\"PropertyValueSpecification\",\"valueRequired\":true,\"valueName\":\"search_term_string\"}}],\"inLanguage\":\"es-ES\"},{\"@type\":\"Organization\",\"@id\":\"https:\/\/couroquimica.com.br\/#organization\",\"name\":\"Couroquimica\",\"url\":\"https:\/\/couroquimica.com.br\/\",\"logo\":{\"@type\":\"ImageObject\",\"inLanguage\":\"es-ES\",\"@id\":\"https:\/\/couroquimica.com.br\/#\/schema\/logo\/image\/\",\"url\":\"\",\"contentUrl\":\"\",\"caption\":\"Couroquimica\"},\"image\":{\"@id\":\"https:\/\/couroquimica.com.br\/#\/schema\/logo\/image\/\"}}]}<\/script>\n<!-- \/ Yoast SEO plugin. -->","yoast_head_json":{"title":"Quem Somos - Couroquimica","robots":{"index":"index","follow":"follow","max-snippet":"max-snippet:-1","max-image-preview":"max-image-preview:large","max-video-preview":"max-video-preview:-1"},"canonical":"https:\/\/couroquimica.com.br\/quem-somos\/","og_locale":"es_ES","og_type":"article","og_title":"Quem Somos - Couroquimica","og_description":"Pilares de Couroqu\u00edmica El grupo Couroqu\u00edmica naci\u00f3 en 1983, cuando el fundador M\u00e1rio Spaniol inici\u00f3 su carrera empresarial en la ciudad de Franca, en el interior de S\u00e3o Paulo. Fue en ese a\u00f1o que naci\u00f3 la empresa Couroqu\u00edmica, una empresa pionera en su campo de actividad, que creci\u00f3 a lo largo de los a\u00f1os enfocando [&hellip;]","og_url":"https:\/\/couroquimica.com.br\/quem-somos\/","og_site_name":"Couroquimica","article_modified_time":"2023-02-28T14:45:59+00:00","twitter_card":"summary_large_image","twitter_misc":{"Est. reading time":"2 minutes"},"schema":{"@context":"https:\/\/schema.org","@graph":[{"@type":"WebPage","@id":"https:\/\/couroquimica.com.br\/quem-somos\/","url":"https:\/\/couroquimica.com.br\/quem-somos\/","name":"Quem Somos - Couroquimica","isPartOf":{"@id":"https:\/\/couroquimica.com.br\/#website"},"datePublished":"2023-02-28T14:43:37+00:00","dateModified":"2023-02-28T14:45:59+00:00","breadcrumb":{"@id":"https:\/\/couroquimica.com.br\/quem-somos\/#breadcrumb"},"inLanguage":"es-ES","potentialAction":[{"@type":"ReadAction","target":["https:\/\/couroquimica.com.br\/quem-somos\/"]}]},{"@type":"BreadcrumbList","@id":"https:\/\/couroquimica.com.br\/quem-somos\/#breadcrumb","itemListElement":[{"@type":"ListItem","position":1,"name":"Home","item":"https:\/\/couroquimica.com.br\/"},{"@type":"ListItem","position":2,"name":"Quem Somos"}]},{"@type":"WebSite","@id":"https:\/\/couroquimica.com.br\/#website","url":"https:\/\/couroquimica.com.br\/","name":"Couroquimica","description":"Tecnologia em Couros","publisher":{"@id":"https:\/\/couroquimica.com.br\/#organization"},"potentialAction":[{"@type":"SearchAction","target":{"@type":"EntryPoint","urlTemplate":"https:\/\/couroquimica.com.br\/?s={search_term_string}"},"query-input":{"@type":"PropertyValueSpecification","valueRequired":true,"valueName":"search_term_string"}}],"inLanguage":"es-ES"},{"@type":"Organization","@id":"https:\/\/couroquimica.com.br\/#organization","name":"Couroquimica","url":"https:\/\/couroquimica.com.br\/","logo":{"@type":"ImageObject","inLanguage":"es-ES","@id":"https:\/\/couroquimica.com.br\/#\/schema\/logo\/image\/","url":"","contentUrl":"","caption":"Couroquimica"},"image":{"@id":"https:\/\/couroquimica.com.br\/#\/schema\/logo\/image\/"}}]}},"_links":{"self":[{"href":"https:\/\/couroquimica.com.br\/es\/wp-json\/wp\/v2\/pages\/694","targetHints":{"allow":["GET"]}}],"collection":[{"href":"https:\/\/couroquimica.com.br\/es\/wp-json\/wp\/v2\/pages"}],"about":[{"href":"https:\/\/couroquimica.com.br\/es\/wp-json\/wp\/v2\/types\/page"}],"author":[{"embeddable":true,"href":"https:\/\/couroquimica.com.br\/es\/wp-json\/wp\/v2\/users\/1"}],"replies":[{"embeddable":true,"href":"https:\/\/couroquimica.com.br\/es\/wp-json\/wp\/v2\/comments?post=694"}],"version-history":[{"count":4,"href":"https:\/\/couroquimica.com.br\/es\/wp-json\/wp\/v2\/pages\/694\/revisions"}],"predecessor-version":[{"id":699,"href":"https:\/\/couroquimica.com.br\/es\/wp-json\/wp\/v2\/pages\/694\/revisions\/699"}],"wp:attachment":[{"href":"https:\/\/couroquimica.com.br\/es\/wp-json\/wp\/v2\/media?parent=694"}],"curies":[{"name":"wp","href":"https:\/\/api.w.org\/{rel}","templated":true}]}}