{"id":730,"date":"2023-02-28T17:17:57","date_gmt":"2023-02-28T17:17:57","guid":{"rendered":"https:\/\/couroquimica.ml\/es\/?page_id=730"},"modified":"2023-04-11T18:06:17","modified_gmt":"2023-04-11T18:06:17","slug":"bio-leather","status":"publish","type":"page","link":"https:\/\/couroquimica.com.br\/es\/bio-leather\/","title":{"rendered":"Bio Leather"},"content":{"rendered":"\t\t<div data-elementor-type=\"wp-page\" data-elementor-id=\"730\" class=\"elementor elementor-730\">\n\t\t\t\t\t\t<section class=\"elementor-section elementor-top-section elementor-element elementor-element-e711fc7 elementor-section-boxed elementor-section-height-default elementor-section-height-default\" data-id=\"e711fc7\" data-element_type=\"section\">\n\t\t\t\t\t\t<div class=\"elementor-container elementor-column-gap-default\">\n\t\t\t\t\t<div class=\"elementor-column elementor-col-100 elementor-top-column elementor-element elementor-element-cee5cf3\" data-id=\"cee5cf3\" data-element_type=\"column\">\n\t\t\t<div class=\"elementor-widget-wrap elementor-element-populated\">\n\t\t\t\t\t\t<div class=\"elementor-element elementor-element-79f2486 elementor-headline--style-highlight elementor-widget elementor-widget-animated-headline\" data-id=\"79f2486\" data-element_type=\"widget\" data-settings=\"{&quot;marker&quot;:&quot;underline&quot;,&quot;highlighted_text&quot;:&quot;Medio ambiente&quot;,&quot;headline_style&quot;:&quot;highlight&quot;,&quot;loop&quot;:&quot;yes&quot;,&quot;highlight_animation_duration&quot;:1200,&quot;highlight_iteration_delay&quot;:8000}\" data-widget_type=\"animated-headline.default\">\n\t\t\t\t<div class=\"elementor-widget-container\">\n\t\t\t\t\t\t\t<h3 class=\"elementor-headline\">\n\t\t\t\t\t<span class=\"elementor-headline-plain-text elementor-headline-text-wrapper\">Couroqu\u00edmica y el medio ambiente<\/span>\n\t\t\t\t<span class=\"elementor-headline-dynamic-wrapper elementor-headline-text-wrapper\">\n\t\t\t\t\t<span class=\"elementor-headline-dynamic-text elementor-headline-text-active\">Medio ambiente<\/span>\n\t\t\t\t<\/span>\n\t\t\t\t<\/h3>\n\t\t\t\t\t\t<\/div>\n\t\t\t\t<\/div>\n\t\t\t\t<div class=\"elementor-element elementor-element-022ac76 elementor-widget elementor-widget-text-editor\" data-id=\"022ac76\" data-element_type=\"widget\" data-widget_type=\"text-editor.default\">\n\t\t\t\t<div class=\"elementor-widget-container\">\n\t\t\t\t\t\t\t\t\t<p>Couroqu\u00edmica se preocupa por las cuestiones ambientales, busca optimizar y mejorar los procesos para minimizar los impactos en el medio ambiente. Por lo tanto, cumple con la legislaci\u00f3n estatal y federal, adem\u00e1s de la adherencia a la Certificaci\u00f3n LWG. De esta forma, gan\u00f3 el sello de oro de LWG en 2018 y desde entonces trabaja en la mejora continua de procedimientos y procesos.<\/p>\t\t\t\t\t\t\t\t<\/div>\n\t\t\t\t<\/div>\n\t\t\t\t\t<\/div>\n\t\t<\/div>\n\t\t\t\t\t<\/div>\n\t\t<\/section>\n\t\t\t\t<section class=\"elementor-section elementor-top-section elementor-element elementor-element-15b4ce4 elementor-section-boxed elementor-section-height-default elementor-section-height-default\" data-id=\"15b4ce4\" data-element_type=\"section\">\n\t\t\t\t\t\t<div class=\"elementor-container elementor-column-gap-default\">\n\t\t\t\t\t<div class=\"elementor-column elementor-col-100 elementor-top-column elementor-element elementor-element-a2592f0\" data-id=\"a2592f0\" data-element_type=\"column\">\n\t\t\t<div class=\"elementor-widget-wrap elementor-element-populated\">\n\t\t\t\t\t\t<div class=\"elementor-element elementor-element-0b875b7 elementor-headline--style-rotate elementor-widget elementor-widget-animated-headline\" data-id=\"0b875b7\" data-element_type=\"widget\" data-settings=\"{&quot;headline_style&quot;:&quot;rotate&quot;,&quot;animation_type&quot;:&quot;typing&quot;,&quot;rotate_iteration_delay&quot;:2500}\" data-widget_type=\"animated-headline.default\">\n\t\t\t\t<div class=\"elementor-widget-container\">\n\t\t\t\t\t\t\t<h3 class=\"elementor-headline elementor-headline-animation-type-typing elementor-headline-letters\">\n\t\t\t\t\t<span class=\"elementor-headline-plain-text elementor-headline-text-wrapper\">Pol\u00edtica de medio ambiente<\/span>\n\t\t\t\t<span class=\"elementor-headline-dynamic-wrapper elementor-headline-text-wrapper\">\n\t\t\t\t<\/span>\n\t\t\t\t<\/h3>\n\t\t\t\t\t\t<\/div>\n\t\t\t\t<\/div>\n\t\t\t\t<div class=\"elementor-element elementor-element-7bcdc1a elementor-widget elementor-widget-text-editor\" data-id=\"7bcdc1a\" data-element_type=\"widget\" data-widget_type=\"text-editor.default\">\n\t\t\t\t<div class=\"elementor-widget-container\">\n\t\t\t\t\t\t\t\t\t<p>Desarrollar art\u00edculos de cuero a trav\u00e9s de la b\u00fasqueda constante de mejora, la promoci\u00f3n de nuevas tecnolog\u00edas de productos y procesos, adem\u00e1s de la gesti\u00f3n de la sostenibilidad. Siendo as\u00ed econ\u00f3micamente viable, socialmente justo, ambientalmente correcto, cumpliendo con la legislaci\u00f3n vigente, reduciendo y controlando la generaci\u00f3n de residuos, mejorando el aprovechamiento de los recursos naturales, brindando calidad de vida y bienestar a los trabajadores.<\/p>\t\t\t\t\t\t\t\t<\/div>\n\t\t\t\t<\/div>\n\t\t\t\t\t<\/div>\n\t\t<\/div>\n\t\t\t\t\t<\/div>\n\t\t<\/section>\n\t\t\t\t<section class=\"elementor-section elementor-top-section elementor-element elementor-element-729be32 elementor-section-boxed elementor-section-height-default elementor-section-height-default\" data-id=\"729be32\" data-element_type=\"section\" data-settings=\"{&quot;background_background&quot;:&quot;classic&quot;}\">\n\t\t\t\t\t\t<div class=\"elementor-container elementor-column-gap-default\">\n\t\t\t\t\t<div class=\"elementor-column elementor-col-100 elementor-top-column elementor-element elementor-element-4921d94\" data-id=\"4921d94\" data-element_type=\"column\">\n\t\t\t<div class=\"elementor-widget-wrap elementor-element-populated\">\n\t\t\t\t\t\t<div class=\"elementor-element elementor-element-13c32a5 elementor-headline--style-rotate elementor-widget elementor-widget-animated-headline\" data-id=\"13c32a5\" data-element_type=\"widget\" data-settings=\"{&quot;headline_style&quot;:&quot;rotate&quot;,&quot;animation_type&quot;:&quot;typing&quot;,&quot;loop&quot;:&quot;yes&quot;,&quot;rotate_iteration_delay&quot;:2500}\" data-widget_type=\"animated-headline.default\">\n\t\t\t\t<div class=\"elementor-widget-container\">\n\t\t\t\t\t\t\t<h3 class=\"elementor-headline elementor-headline-animation-type-typing elementor-headline-letters\">\n\t\t\t\t\t<span class=\"elementor-headline-plain-text elementor-headline-text-wrapper\">Couroqu\u00edmica Recibe Certificaci\u00f3n LWG Oro por Buenas Pr\u00e1cticas Ambientales<\/span>\n\t\t\t\t<span class=\"elementor-headline-dynamic-wrapper elementor-headline-text-wrapper\">\n\t\t\t\t<\/span>\n\t\t\t\t<\/h3>\n\t\t\t\t\t\t<\/div>\n\t\t\t\t<\/div>\n\t\t\t\t\t<\/div>\n\t\t<\/div>\n\t\t\t\t\t<\/div>\n\t\t<\/section>\n\t\t\t\t<section class=\"elementor-section elementor-top-section elementor-element elementor-element-cd70edb elementor-section-boxed elementor-section-height-default elementor-section-height-default\" data-id=\"cd70edb\" data-element_type=\"section\" data-settings=\"{&quot;background_background&quot;:&quot;classic&quot;}\">\n\t\t\t\t\t\t<div class=\"elementor-container elementor-column-gap-default\">\n\t\t\t\t\t<div class=\"elementor-column elementor-col-100 elementor-top-column elementor-element elementor-element-f776387\" data-id=\"f776387\" data-element_type=\"column\">\n\t\t\t<div class=\"elementor-widget-wrap elementor-element-populated\">\n\t\t\t\t\t\t<div class=\"elementor-element elementor-element-9913cf4 elementor-widget elementor-widget-text-editor\" data-id=\"9913cf4\" data-element_type=\"widget\" data-widget_type=\"text-editor.default\">\n\t\t\t\t<div class=\"elementor-widget-container\">\n\t\t\t\t\t\t\t\t\t<p>Producir cerca de 240.000 metros de cuero al mes, adem\u00e1s de art\u00edculos diferenciados que atienden a un p\u00fablico muy exigente en el mercado del lujo, no son los \u00fanicos compromisos del Grupo Couroqu\u00edmica\/Carmen Steffens.<\/p><p>La preocupaci\u00f3n medioambiental es tambi\u00e9n uno de los pilares que forman parte de la estructura organizada y orientada a resultados de esta empresa. Entre ellos se encuentran las pr\u00e1cticas adecuadas encaminadas a la reducci\u00f3n de los impactos ambientales, desarrollando la b\u00fasqueda de la promoci\u00f3n de nuevas tecnolog\u00edas de productos en torno a su gesti\u00f3n sostenible.<\/p><p>A trav\u00e9s de su compromiso con la calidad de vida y el bienestar de sus empleados, la curtidur\u00eda Couroqu\u00edmica, considerada la curtidur\u00eda de cuero de moda m\u00e1s grande del hemisferio sur, recibi\u00f3 recientemente el sello internacional \u201cOro\u201d de la organizaci\u00f3n Leather Working Group (LWG), m\u00e1ximo referencia en el segmento de buenas pr\u00e1cticas ambientales.<\/p><p>En respuesta a sus constantes esfuerzos a favor del medio ambiente, el sello LWG reconoci\u00f3 las principales caracter\u00edsticas sostenibles de Couroqu\u00edmica, teniendo en cuenta la trazabilidad de sus materias primas, el sistema de gesti\u00f3n ambiental, la gesti\u00f3n de residuos, el consumo de agua y energ\u00eda, el tratamiento de efluentes promoviendo la reutilizaci\u00f3n del agua, y la preocupaci\u00f3n por las sustancias restringidas, respetando las leyes nacionales e internacionales vigentes.<\/p><p>Conocida mundialmente, la certificaci\u00f3n LWG est\u00e1 presente en el portafolio de requisitos de importantes marcas como Adidas, Nike y New Balance, que mantienen su producci\u00f3n a trav\u00e9s de curtiembres que promueven mejoras constantes, sin perjudicar el ecosistema en su conjunto.<\/p>\t\t\t\t\t\t\t\t<\/div>\n\t\t\t\t<\/div>\n\t\t\t\t\t<\/div>\n\t\t<\/div>\n\t\t\t\t\t<\/div>\n\t\t<\/section>\n\t\t\t\t<section class=\"elementor-section elementor-top-section elementor-element elementor-element-b80e97a elementor-section-boxed elementor-section-height-default elementor-section-height-default\" data-id=\"b80e97a\" data-element_type=\"section\">\n\t\t\t\t\t\t<div class=\"elementor-container elementor-column-gap-default\">\n\t\t\t\t\t<div class=\"elementor-column elementor-col-100 elementor-top-column elementor-element elementor-element-b425383\" data-id=\"b425383\" data-element_type=\"column\">\n\t\t\t<div class=\"elementor-widget-wrap elementor-element-populated\">\n\t\t\t\t\t\t<div class=\"elementor-element elementor-element-56a2f8b elementor-headline--style-highlight elementor-widget elementor-widget-animated-headline\" data-id=\"56a2f8b\" data-element_type=\"widget\" data-settings=\"{&quot;marker&quot;:&quot;underline&quot;,&quot;highlighted_text&quot;:&quot;Couroqu\\u00edmica&quot;,&quot;headline_style&quot;:&quot;highlight&quot;,&quot;loop&quot;:&quot;yes&quot;,&quot;highlight_animation_duration&quot;:1200,&quot;highlight_iteration_delay&quot;:8000}\" data-widget_type=\"animated-headline.default\">\n\t\t\t\t<div class=\"elementor-widget-container\">\n\t\t\t\t\t\t\t<h3 class=\"elementor-headline\">\n\t\t\t\t\t<span class=\"elementor-headline-plain-text elementor-headline-text-wrapper\">Calidad<\/span>\n\t\t\t\t<span class=\"elementor-headline-dynamic-wrapper elementor-headline-text-wrapper\">\n\t\t\t\t\t<span class=\"elementor-headline-dynamic-text elementor-headline-text-active\">Couroqu\u00edmica<\/span>\n\t\t\t\t<\/span>\n\t\t\t\t<\/h3>\n\t\t\t\t\t\t<\/div>\n\t\t\t\t<\/div>\n\t\t\t\t<div class=\"elementor-element elementor-element-43b9374 elementor-widget elementor-widget-text-editor\" data-id=\"43b9374\" data-element_type=\"widget\" data-widget_type=\"text-editor.default\">\n\t\t\t\t<div class=\"elementor-widget-container\">\n\t\t\t\t\t\t\t\t\t<p>El Laboratorio Couroqu\u00edmica sigue los m\u00e1s rigurosos est\u00e1ndares de calidad de las principales marcas nacionales e internacionales. Con un equipo t\u00e9cnico especializado, el laboratorio de Couroqu\u00edmica realiza an\u00e1lisis de todas las materias primas que llegan a la empresa, desde cueros Wet Blue y Wet White y productos qu\u00edmicos que ser\u00e1n utilizados en la producci\u00f3n. An\u00e1lisis como pH, retracci\u00f3n, densidad, materia activa y concentraci\u00f3n son las principales pruebas que se realizan antes de que los productos salgan a producci\u00f3n.<\/p><p>En la etapa final, los cueros son probados seg\u00fan normas t\u00e9cnicas nacionales e internacionales en dispositivos espec\u00edficos que simulan el uso y desgaste del cuero, garantizando la calidad de todo el proceso de producci\u00f3n.<\/p>\t\t\t\t\t\t\t\t<\/div>\n\t\t\t\t<\/div>\n\t\t\t\t\t<\/div>\n\t\t<\/div>\n\t\t\t\t\t<\/div>\n\t\t<\/section>\n\t\t\t\t<section class=\"elementor-section elementor-top-section elementor-element elementor-element-11e8e01 elementor-section-boxed elementor-section-height-default elementor-section-height-default\" data-id=\"11e8e01\" data-element_type=\"section\" data-settings=\"{&quot;background_background&quot;:&quot;classic&quot;}\">\n\t\t\t\t\t\t<div class=\"elementor-container elementor-column-gap-default\">\n\t\t\t\t\t<div class=\"elementor-column elementor-col-100 elementor-top-column elementor-element elementor-element-4789de1\" data-id=\"4789de1\" data-element_type=\"column\">\n\t\t\t<div class=\"elementor-widget-wrap elementor-element-populated\">\n\t\t\t\t\t\t<div class=\"elementor-element elementor-element-335964c elementor-headline--style-rotate elementor-widget elementor-widget-animated-headline\" data-id=\"335964c\" data-element_type=\"widget\" data-settings=\"{&quot;headline_style&quot;:&quot;rotate&quot;,&quot;animation_type&quot;:&quot;typing&quot;,&quot;loop&quot;:&quot;yes&quot;,&quot;rotate_iteration_delay&quot;:2500}\" data-widget_type=\"animated-headline.default\">\n\t\t\t\t<div class=\"elementor-widget-container\">\n\t\t\t\t\t\t\t<h3 class=\"elementor-headline elementor-headline-animation-type-typing elementor-headline-letters\">\n\t\t\t\t\t<span class=\"elementor-headline-plain-text elementor-headline-text-wrapper\">Certificaci\u00f3n de protocolo ambiental LWG<\/span>\n\t\t\t\t<span class=\"elementor-headline-dynamic-wrapper elementor-headline-text-wrapper\">\n\t\t\t\t<\/span>\n\t\t\t\t<\/h3>\n\t\t\t\t\t\t<\/div>\n\t\t\t\t<\/div>\n\t\t\t\t\t<\/div>\n\t\t<\/div>\n\t\t\t\t\t<\/div>\n\t\t<\/section>\n\t\t\t\t<section class=\"elementor-section elementor-top-section elementor-element elementor-element-09879db elementor-section-boxed elementor-section-height-default elementor-section-height-default\" data-id=\"09879db\" data-element_type=\"section\" data-settings=\"{&quot;background_background&quot;:&quot;classic&quot;}\">\n\t\t\t\t\t\t<div class=\"elementor-container elementor-column-gap-default\">\n\t\t\t\t\t<div class=\"elementor-column elementor-col-100 elementor-top-column elementor-element elementor-element-cab8744\" data-id=\"cab8744\" data-element_type=\"column\">\n\t\t\t<div class=\"elementor-widget-wrap elementor-element-populated\">\n\t\t\t\t\t\t<div class=\"elementor-element elementor-element-94e3dca elementor-widget elementor-widget-text-editor\" data-id=\"94e3dca\" data-element_type=\"widget\" data-widget_type=\"text-editor.default\">\n\t\t\t\t<div class=\"elementor-widget-container\">\n\t\t\t\t\t\t\t\t\t<p>Prop\u00f3sito del LWG (Grupo de trabajo sobre el cuero)<\/p><p>Desarrollar y mantener un protocolo que eval\u00fae el cumplimiento y desempe\u00f1o ambiental de los curtidores, promoviendo pr\u00e1cticas amigables con el medio ambiente en la industria del cuero y calzado. Los requisitos evaluados involucran aspectos ambientales, de seguridad y t\u00e9cnicos, donde las tener\u00edas deben obtener puntajes m\u00ednimos en cada uno de los criterios, para poder ser premiados: Bronce, Plata u Oro. La auditor\u00eda la lleva a cabo BLC Inglaterra. Obtenga m\u00e1s informaci\u00f3n haciendo clic en el bot\u00f3n de abajo!<\/p>\t\t\t\t\t\t\t\t<\/div>\n\t\t\t\t<\/div>\n\t\t\t\t<div class=\"elementor-element elementor-element-36df08d elementor-align-center elementor-widget elementor-widget-button\" data-id=\"36df08d\" data-element_type=\"widget\" data-widget_type=\"button.default\">\n\t\t\t\t<div class=\"elementor-widget-container\">\n\t\t\t\t\t\t\t\t\t<div class=\"elementor-button-wrapper\">\n\t\t\t\t\t<a class=\"elementor-button elementor-button-link elementor-size-sm\" href=\"https:\/\/couroquimica.ml\/es\/certificacao-protocolo-ambiental-lwg\">\n\t\t\t\t\t\t<span class=\"elementor-button-content-wrapper\">\n\t\t\t\t\t\t\t\t\t<span class=\"elementor-button-text\">Sepa Mas <\/span>\n\t\t\t\t\t<\/span>\n\t\t\t\t\t<\/a>\n\t\t\t\t<\/div>\n\t\t\t\t\t\t\t\t<\/div>\n\t\t\t\t<\/div>\n\t\t\t\t\t<\/div>\n\t\t<\/div>\n\t\t\t\t\t<\/div>\n\t\t<\/section>\n\t\t\t\t<section class=\"elementor-section elementor-top-section elementor-element elementor-element-be2cf2b elementor-section-boxed elementor-section-height-default elementor-section-height-default\" data-id=\"be2cf2b\" data-element_type=\"section\">\n\t\t\t\t\t\t<div class=\"elementor-container elementor-column-gap-default\">\n\t\t\t\t\t<div class=\"elementor-column elementor-col-100 elementor-top-column elementor-element elementor-element-5497347\" data-id=\"5497347\" data-element_type=\"column\">\n\t\t\t<div class=\"elementor-widget-wrap elementor-element-populated\">\n\t\t\t\t\t\t<div class=\"elementor-element elementor-element-81b08ed elementor-widget elementor-widget-image\" data-id=\"81b08ed\" data-element_type=\"widget\" data-widget_type=\"image.default\">\n\t\t\t\t<div class=\"elementor-widget-container\">\n\t\t\t\t\t\t\t\t\t\t\t\t\t\t\t<img fetchpriority=\"high\" decoding=\"async\" width=\"800\" height=\"452\" src=\"https:\/\/couroquimica.com.br\/wp-content\/uploads\/2023\/01\/image-1.svg\" class=\"attachment-large size-large wp-image-545\" alt=\"\" \/>\t\t\t\t\t\t\t\t\t\t\t\t\t\t\t<\/div>\n\t\t\t\t<\/div>\n\t\t\t\t<div class=\"elementor-element elementor-element-0d3fedb elementor-widget elementor-widget-text-editor\" data-id=\"0d3fedb\" data-element_type=\"widget\" data-widget_type=\"text-editor.default\">\n\t\t\t\t<div class=\"elementor-widget-container\">\n\t\t\t\t\t\t\t\t\t<p><span style=\"font-weight: 400;\">Pensando en el consumo consciente de productos renovables y en la sostenibilidad, Couroqu\u00edmica lanz\u00f3 el BioPelle\u00ae, un cuero procesado con productos biodegradables.<\/span><\/p><p><span style=\"font-weight: 400;\">Fueron necesarios m\u00e1s de 10 a\u00f1os de estudios y desarrollo para tener un producto que re\u00fane las \u00faltimas tendencias de la moda, con conforto y resistencia. Este innovador cuero alcanza un alto grado de biodegradabilidad que se demuestra en pruebas realizadas por laboratorios certificados.<\/span><\/p>\t\t\t\t\t\t\t\t<\/div>\n\t\t\t\t<\/div>\n\t\t\t\t\t<\/div>\n\t\t<\/div>\n\t\t\t\t\t<\/div>\n\t\t<\/section>\n\t\t\t\t<\/div>\n\t\t","protected":false},"excerpt":{"rendered":"<p>Couroqu\u00edmica y el medio ambiente Medio ambiente Couroqu\u00edmica se preocupa por las cuestiones ambientales, busca optimizar y mejorar los procesos para minimizar los impactos en el medio ambiente. Por lo tanto, cumple con la legislaci\u00f3n estatal y federal, adem\u00e1s de la adherencia a la Certificaci\u00f3n LWG. De esta forma, gan\u00f3 el sello de oro de [&hellip;]<\/p>\n","protected":false},"author":1,"featured_media":0,"parent":0,"menu_order":0,"comment_status":"closed","ping_status":"closed","template":"","meta":{"inline_featured_image":false,"footnotes":""},"class_list":["post-730","page","type-page","status-publish","hentry"],"yoast_head":"<!-- This site is optimized with the Yoast SEO plugin v26.1.1 - https:\/\/yoast.com\/wordpress\/plugins\/seo\/ -->\n<title>Bio Leather - Couroquimica<\/title>\n<meta name=\"robots\" content=\"index, follow, max-snippet:-1, max-image-preview:large, max-video-preview:-1\" \/>\n<link rel=\"canonical\" href=\"https:\/\/couroquimica.com.br\/bio-leather\/\" \/>\n<meta property=\"og:locale\" content=\"es_ES\" \/>\n<meta property=\"og:type\" content=\"article\" \/>\n<meta property=\"og:title\" content=\"Bio Leather - Couroquimica\" \/>\n<meta property=\"og:description\" content=\"Couroqu\u00edmica y el medio ambiente Medio ambiente Couroqu\u00edmica se preocupa por las cuestiones ambientales, busca optimizar y mejorar los procesos para minimizar los impactos en el medio ambiente. Por lo tanto, cumple con la legislaci\u00f3n estatal y federal, adem\u00e1s de la adherencia a la Certificaci\u00f3n LWG. De esta forma, gan\u00f3 el sello de oro de [&hellip;]\" \/>\n<meta property=\"og:url\" content=\"https:\/\/couroquimica.com.br\/bio-leather\/\" \/>\n<meta property=\"og:site_name\" content=\"Couroquimica\" \/>\n<meta property=\"article:modified_time\" content=\"2023-04-11T18:06:17+00:00\" \/>\n<meta property=\"og:image\" content=\"https:\/\/couroquimica.ml\/wp-content\/uploads\/2023\/01\/image-1.svg\" \/>\n<meta name=\"twitter:card\" content=\"summary_large_image\" \/>\n<meta name=\"twitter:label1\" content=\"Est. reading time\" \/>\n\t<meta name=\"twitter:data1\" content=\"4 minutes\" \/>\n<script type=\"application\/ld+json\" class=\"yoast-schema-graph\">{\"@context\":\"https:\/\/schema.org\",\"@graph\":[{\"@type\":\"WebPage\",\"@id\":\"https:\/\/couroquimica.com.br\/bio-leather\/\",\"url\":\"https:\/\/couroquimica.com.br\/bio-leather\/\",\"name\":\"Bio Leather - Couroquimica\",\"isPartOf\":{\"@id\":\"https:\/\/couroquimica.com.br\/#website\"},\"primaryImageOfPage\":{\"@id\":\"https:\/\/couroquimica.com.br\/bio-leather\/#primaryimage\"},\"image\":{\"@id\":\"https:\/\/couroquimica.com.br\/bio-leather\/#primaryimage\"},\"thumbnailUrl\":\"https:\/\/couroquimica.ml\/wp-content\/uploads\/2023\/01\/image-1.svg\",\"datePublished\":\"2023-02-28T17:17:57+00:00\",\"dateModified\":\"2023-04-11T18:06:17+00:00\",\"breadcrumb\":{\"@id\":\"https:\/\/couroquimica.com.br\/bio-leather\/#breadcrumb\"},\"inLanguage\":\"es-ES\",\"potentialAction\":[{\"@type\":\"ReadAction\",\"target\":[\"https:\/\/couroquimica.com.br\/bio-leather\/\"]}]},{\"@type\":\"ImageObject\",\"inLanguage\":\"es-ES\",\"@id\":\"https:\/\/couroquimica.com.br\/bio-leather\/#primaryimage\",\"url\":\"https:\/\/couroquimica.ml\/wp-content\/uploads\/2023\/01\/image-1.svg\",\"contentUrl\":\"https:\/\/couroquimica.ml\/wp-content\/uploads\/2023\/01\/image-1.svg\"},{\"@type\":\"BreadcrumbList\",\"@id\":\"https:\/\/couroquimica.com.br\/bio-leather\/#breadcrumb\",\"itemListElement\":[{\"@type\":\"ListItem\",\"position\":1,\"name\":\"Home\",\"item\":\"https:\/\/couroquimica.com.br\/\"},{\"@type\":\"ListItem\",\"position\":2,\"name\":\"Bio Leather\"}]},{\"@type\":\"WebSite\",\"@id\":\"https:\/\/couroquimica.com.br\/#website\",\"url\":\"https:\/\/couroquimica.com.br\/\",\"name\":\"Couroquimica\",\"description\":\"Tecnologia em Couros\",\"publisher\":{\"@id\":\"https:\/\/couroquimica.com.br\/#organization\"},\"potentialAction\":[{\"@type\":\"SearchAction\",\"target\":{\"@type\":\"EntryPoint\",\"urlTemplate\":\"https:\/\/couroquimica.com.br\/?s={search_term_string}\"},\"query-input\":{\"@type\":\"PropertyValueSpecification\",\"valueRequired\":true,\"valueName\":\"search_term_string\"}}],\"inLanguage\":\"es-ES\"},{\"@type\":\"Organization\",\"@id\":\"https:\/\/couroquimica.com.br\/#organization\",\"name\":\"Couroquimica\",\"url\":\"https:\/\/couroquimica.com.br\/\",\"logo\":{\"@type\":\"ImageObject\",\"inLanguage\":\"es-ES\",\"@id\":\"https:\/\/couroquimica.com.br\/#\/schema\/logo\/image\/\",\"url\":\"\",\"contentUrl\":\"\",\"caption\":\"Couroquimica\"},\"image\":{\"@id\":\"https:\/\/couroquimica.com.br\/#\/schema\/logo\/image\/\"}}]}<\/script>\n<!-- \/ Yoast SEO plugin. -->","yoast_head_json":{"title":"Bio Leather - Couroquimica","robots":{"index":"index","follow":"follow","max-snippet":"max-snippet:-1","max-image-preview":"max-image-preview:large","max-video-preview":"max-video-preview:-1"},"canonical":"https:\/\/couroquimica.com.br\/bio-leather\/","og_locale":"es_ES","og_type":"article","og_title":"Bio Leather - Couroquimica","og_description":"Couroqu\u00edmica y el medio ambiente Medio ambiente Couroqu\u00edmica se preocupa por las cuestiones ambientales, busca optimizar y mejorar los procesos para minimizar los impactos en el medio ambiente. Por lo tanto, cumple con la legislaci\u00f3n estatal y federal, adem\u00e1s de la adherencia a la Certificaci\u00f3n LWG. De esta forma, gan\u00f3 el sello de oro de [&hellip;]","og_url":"https:\/\/couroquimica.com.br\/bio-leather\/","og_site_name":"Couroquimica","article_modified_time":"2023-04-11T18:06:17+00:00","og_image":[{"url":"https:\/\/couroquimica.ml\/wp-content\/uploads\/2023\/01\/image-1.svg","type":"","width":"","height":""}],"twitter_card":"summary_large_image","twitter_misc":{"Est. reading time":"4 minutes"},"schema":{"@context":"https:\/\/schema.org","@graph":[{"@type":"WebPage","@id":"https:\/\/couroquimica.com.br\/bio-leather\/","url":"https:\/\/couroquimica.com.br\/bio-leather\/","name":"Bio Leather - Couroquimica","isPartOf":{"@id":"https:\/\/couroquimica.com.br\/#website"},"primaryImageOfPage":{"@id":"https:\/\/couroquimica.com.br\/bio-leather\/#primaryimage"},"image":{"@id":"https:\/\/couroquimica.com.br\/bio-leather\/#primaryimage"},"thumbnailUrl":"https:\/\/couroquimica.ml\/wp-content\/uploads\/2023\/01\/image-1.svg","datePublished":"2023-02-28T17:17:57+00:00","dateModified":"2023-04-11T18:06:17+00:00","breadcrumb":{"@id":"https:\/\/couroquimica.com.br\/bio-leather\/#breadcrumb"},"inLanguage":"es-ES","potentialAction":[{"@type":"ReadAction","target":["https:\/\/couroquimica.com.br\/bio-leather\/"]}]},{"@type":"ImageObject","inLanguage":"es-ES","@id":"https:\/\/couroquimica.com.br\/bio-leather\/#primaryimage","url":"https:\/\/couroquimica.ml\/wp-content\/uploads\/2023\/01\/image-1.svg","contentUrl":"https:\/\/couroquimica.ml\/wp-content\/uploads\/2023\/01\/image-1.svg"},{"@type":"BreadcrumbList","@id":"https:\/\/couroquimica.com.br\/bio-leather\/#breadcrumb","itemListElement":[{"@type":"ListItem","position":1,"name":"Home","item":"https:\/\/couroquimica.com.br\/"},{"@type":"ListItem","position":2,"name":"Bio Leather"}]},{"@type":"WebSite","@id":"https:\/\/couroquimica.com.br\/#website","url":"https:\/\/couroquimica.com.br\/","name":"Couroquimica","description":"Tecnologia em Couros","publisher":{"@id":"https:\/\/couroquimica.com.br\/#organization"},"potentialAction":[{"@type":"SearchAction","target":{"@type":"EntryPoint","urlTemplate":"https:\/\/couroquimica.com.br\/?s={search_term_string}"},"query-input":{"@type":"PropertyValueSpecification","valueRequired":true,"valueName":"search_term_string"}}],"inLanguage":"es-ES"},{"@type":"Organization","@id":"https:\/\/couroquimica.com.br\/#organization","name":"Couroquimica","url":"https:\/\/couroquimica.com.br\/","logo":{"@type":"ImageObject","inLanguage":"es-ES","@id":"https:\/\/couroquimica.com.br\/#\/schema\/logo\/image\/","url":"","contentUrl":"","caption":"Couroquimica"},"image":{"@id":"https:\/\/couroquimica.com.br\/#\/schema\/logo\/image\/"}}]}},"_links":{"self":[{"href":"https:\/\/couroquimica.com.br\/es\/wp-json\/wp\/v2\/pages\/730","targetHints":{"allow":["GET"]}}],"collection":[{"href":"https:\/\/couroquimica.com.br\/es\/wp-json\/wp\/v2\/pages"}],"about":[{"href":"https:\/\/couroquimica.com.br\/es\/wp-json\/wp\/v2\/types\/page"}],"author":[{"embeddable":true,"href":"https:\/\/couroquimica.com.br\/es\/wp-json\/wp\/v2\/users\/1"}],"replies":[{"embeddable":true,"href":"https:\/\/couroquimica.com.br\/es\/wp-json\/wp\/v2\/comments?post=730"}],"version-history":[{"count":7,"href":"https:\/\/couroquimica.com.br\/es\/wp-json\/wp\/v2\/pages\/730\/revisions"}],"predecessor-version":[{"id":799,"href":"https:\/\/couroquimica.com.br\/es\/wp-json\/wp\/v2\/pages\/730\/revisions\/799"}],"wp:attachment":[{"href":"https:\/\/couroquimica.com.br\/es\/wp-json\/wp\/v2\/media?parent=730"}],"curies":[{"name":"wp","href":"https:\/\/api.w.org\/{rel}","templated":true}]}}